{"id":8,"date":"2018-07-06T16:22:00","date_gmt":"2018-07-06T16:22:00","guid":{"rendered":"http:\/\/127.0.0.1\/wordpress\/?page_id=8"},"modified":"2018-09-07T17:27:43","modified_gmt":"2018-09-07T17:27:43","slug":"home","status":"publish","type":"page","link":"https:\/\/dioc.pl\/","title":{"rendered":"Strona g\u0142\u00f3wna"},"content":{"rendered":"<p><img loading=\"lazy\" decoding=\"async\" class=\"aligncenter wp-image-252\" src=\"https:\/\/dioc.pl\/wp-content\/uploads\/2018\/09\/logotypy_na_www.png\" alt=\"\" width=\"1000\" height=\"143\" srcset=\"https:\/\/dioc.pl\/wp-content\/uploads\/2018\/09\/logotypy_na_www.png 1495w, https:\/\/dioc.pl\/wp-content\/uploads\/2018\/09\/logotypy_na_www-300x43.png 300w, https:\/\/dioc.pl\/wp-content\/uploads\/2018\/09\/logotypy_na_www-768x110.png 768w, https:\/\/dioc.pl\/wp-content\/uploads\/2018\/09\/logotypy_na_www-1024x147.png 1024w\" sizes=\"auto, (max-width: 767px) 89vw, (max-width: 1000px) 54vw, (max-width: 1071px) 543px, 580px\" \/><\/p>\n<p>Dzi\u0119ki partnerstwu Fundacji Dr\u00f3g Kulturowych w Jaros\u0142awiu oraz Miasta Svidnik na S\u0142owacji powsta\u0142a wsp\u00f3lna koncepcja nowatorskiego Pieszego Szlaku Drogi Integralnej Odnowy Cz\u0142owieka Via Reginae, jako nowy standard wsp\u00f3\u0142pracy mi\u0119dzy krajami przygranicza, maj\u0105cy na celu zg\u0142\u0119bienie zagadnie\u0144 duchowo\u015bci, psychiki i fizyczno\u015bci zwi\u0105zanej z odnow\u0105 cz\u0142owieka.<br \/>\nKoncepcja realizowana jest w ramach projektu \u201eDroga Integralnej Odnowy Cz\u0142owieka Via Reginae\u201d finansowanego ze \u015brodk\u00f3w Europejskiego Funduszu Rozwoju Regionalnego Program Interreg V-A Polska \u2013 S\u0142owacja 2014-2020 rezultatem czego b\u0119dzie transgraniczny markowy produkt turystyczno-pielgrzymkowy oparty na wschodnich i zachodnich tradycjach chrze\u015bcija\u0144skich.<\/p>\n","protected":false},"excerpt":{"rendered":"<p>Dzi\u0119ki partnerstwu Fundacji Dr\u00f3g Kulturowych w Jaros\u0142awiu oraz Miasta Svidnik na S\u0142owacji powsta\u0142a wsp\u00f3lna koncepcja nowatorskiego Pieszego Szlaku Drogi Integralnej Odnowy Cz\u0142owieka Via Reginae, jako nowy standard wsp\u00f3\u0142pracy mi\u0119dzy krajami przygranicza, maj\u0105cy na celu zg\u0142\u0119bienie zagadnie\u0144 duchowo\u015bci, psychiki i fizyczno\u015bci zwi\u0105zanej z odnow\u0105 cz\u0142owieka. Koncepcja realizowana jest w ramach projektu \u201eDroga Integralnej Odnowy Cz\u0142owieka Via &hellip; <\/p>\n<p class=\"link-more\"><a href=\"https:\/\/dioc.pl\/\" class=\"more-link\">Czytaj dalej<span class=\"screen-reader-text\"> Strona g\u0142\u00f3wna<\/span><\/a><\/p>\n","protected":false},"author":1,"featured_media":211,"parent":0,"menu_order":0,"comment_status":"closed","ping_status":"closed","template":"","meta":{"_monsterinsights_skip_tracking":false,"_monsterinsights_sitenote_active":false,"_monsterinsights_sitenote_note":"","_monsterinsights_sitenote_category":0,"footnotes":""},"class_list":["post-8","page","type-page","status-publish","has-post-thumbnail","hentry"],"aioseo_notices":[],"_links":{"self":[{"href":"https:\/\/dioc.pl\/index.php?rest_route=\/wp\/v2\/pages\/8","targetHints":{"allow":["GET"]}}],"collection":[{"href":"https:\/\/dioc.pl\/index.php?rest_route=\/wp\/v2\/pages"}],"about":[{"href":"https:\/\/dioc.pl\/index.php?rest_route=\/wp\/v2\/types\/page"}],"author":[{"embeddable":true,"href":"https:\/\/dioc.pl\/index.php?rest_route=\/wp\/v2\/users\/1"}],"replies":[{"embeddable":true,"href":"https:\/\/dioc.pl\/index.php?rest_route=%2Fwp%2Fv2%2Fcomments&post=8"}],"version-history":[{"count":17,"href":"https:\/\/dioc.pl\/index.php?rest_route=\/wp\/v2\/pages\/8\/revisions"}],"predecessor-version":[{"id":294,"href":"https:\/\/dioc.pl\/index.php?rest_route=\/wp\/v2\/pages\/8\/revisions\/294"}],"wp:featuredmedia":[{"embeddable":true,"href":"https:\/\/dioc.pl\/index.php?rest_route=\/wp\/v2\/media\/211"}],"wp:attachment":[{"href":"https:\/\/dioc.pl\/index.php?rest_route=%2Fwp%2Fv2%2Fmedia&parent=8"}],"curies":[{"name":"wp","href":"https:\/\/api.w.org\/{rel}","templated":true}]}}