{"id":479,"date":"2018-09-24T15:51:03","date_gmt":"2018-09-24T15:51:03","guid":{"rendered":"http:\/\/dioc.pl\/?page_id=479"},"modified":"2018-09-24T15:51:03","modified_gmt":"2018-09-24T15:51:03","slug":"pilotaz-2","status":"publish","type":"page","link":"https:\/\/dioc.pl\/?page_id=479&lang=sk","title":{"rendered":"Pilot\u00e1\u017e"},"content":{"rendered":"<table>\n<tbody>\n<tr>\n<td width=\"650px\"><img loading=\"lazy\" decoding=\"async\" class=\"alignleft wp-image-281 size-full\" src=\"https:\/\/dioc.pl\/wp-content\/uploads\/2018\/09\/www_pilotaz.png\" alt=\"\" width=\"1119\" height=\"1147\" srcset=\"https:\/\/dioc.pl\/wp-content\/uploads\/2018\/09\/www_pilotaz.png 1119w, https:\/\/dioc.pl\/wp-content\/uploads\/2018\/09\/www_pilotaz-293x300.png 293w, https:\/\/dioc.pl\/wp-content\/uploads\/2018\/09\/www_pilotaz-768x787.png 768w, https:\/\/dioc.pl\/wp-content\/uploads\/2018\/09\/www_pilotaz-999x1024.png 999w\" sizes=\"auto, (max-width: 767px) 89vw, (max-width: 1000px) 54vw, (max-width: 1071px) 543px, 580px\" \/><\/td>\n<td>Pilot\u00e1\u017e bude zah\u0155\u0148a\u0165 skupinov\u00fa podporu (psychoeduka\u010dn\u00e9 workshopy) a individu\u00e1lnu (vo forme priameho rozhovoru so \u0161pecialistom). \u013dudia, ktor\u00ed vyu\u017e\u00edvaj\u00fa ur\u010dit\u00e9 formy podpory, sa \u0161pecializuj\u00fa na psychol\u00f3giu, psychiatriu, duchovn\u00fa obnovu, rodinn\u00e9 z\u00e1le\u017eitosti.<br \/>\n\u010eal\u0161\u00edm prvkom bude vyu\u017eitie vlastn\u00e9ho v\u00fdskumn\u00e9ho n\u00e1stroja vyvinut\u00e9ho pre potreby projektu, ktor\u00fd umo\u017en\u00ed zhodnotenie projektu a v\u00fdvoj inova\u010dn\u00e9ho modelu environment\u00e1lnej pomoci.\n<\/td>\n<\/tr>\n<\/tbody>\n<\/table>\n","protected":false},"excerpt":{"rendered":"<p>Pilot\u00e1\u017e bude zah\u0155\u0148a\u0165 skupinov\u00fa podporu (psychoeduka\u010dn\u00e9 workshopy) a individu\u00e1lnu (vo forme priameho rozhovoru so \u0161pecialistom). \u013dudia, ktor\u00ed vyu\u017e\u00edvaj\u00fa ur\u010dit\u00e9 formy podpory, sa \u0161pecializuj\u00fa na psychol\u00f3giu, psychiatriu, duchovn\u00fa obnovu, rodinn\u00e9 z\u00e1le\u017eitosti. \u010eal\u0161\u00edm prvkom bude vyu\u017eitie vlastn\u00e9ho v\u00fdskumn\u00e9ho n\u00e1stroja vyvinut\u00e9ho pre potreby projektu, ktor\u00fd umo\u017en\u00ed zhodnotenie projektu a v\u00fdvoj inova\u010dn\u00e9ho modelu environment\u00e1lnej pomoci.<\/p>\n","protected":false},"author":1,"featured_media":0,"parent":0,"menu_order":0,"comment_status":"closed","ping_status":"closed","template":"","meta":{"_monsterinsights_skip_tracking":false,"_monsterinsights_sitenote_active":false,"_monsterinsights_sitenote_note":"","_monsterinsights_sitenote_category":0,"footnotes":""},"class_list":["post-479","page","type-page","status-publish","hentry"],"aioseo_notices":[],"_links":{"self":[{"href":"https:\/\/dioc.pl\/index.php?rest_route=\/wp\/v2\/pages\/479","targetHints":{"allow":["GET"]}}],"collection":[{"href":"https:\/\/dioc.pl\/index.php?rest_route=\/wp\/v2\/pages"}],"about":[{"href":"https:\/\/dioc.pl\/index.php?rest_route=\/wp\/v2\/types\/page"}],"author":[{"embeddable":true,"href":"https:\/\/dioc.pl\/index.php?rest_route=\/wp\/v2\/users\/1"}],"replies":[{"embeddable":true,"href":"https:\/\/dioc.pl\/index.php?rest_route=%2Fwp%2Fv2%2Fcomments&post=479"}],"version-history":[{"count":1,"href":"https:\/\/dioc.pl\/index.php?rest_route=\/wp\/v2\/pages\/479\/revisions"}],"predecessor-version":[{"id":480,"href":"https:\/\/dioc.pl\/index.php?rest_route=\/wp\/v2\/pages\/479\/revisions\/480"}],"wp:attachment":[{"href":"https:\/\/dioc.pl\/index.php?rest_route=%2Fwp%2Fv2%2Fmedia&parent=479"}],"curies":[{"name":"wp","href":"https:\/\/api.w.org\/{rel}","templated":true}]}}