{"id":32,"date":"2018-07-06T17:49:36","date_gmt":"2018-07-06T17:49:36","guid":{"rendered":"http:\/\/127.0.0.1\/wordpress\/?page_id=32"},"modified":"2018-10-30T18:49:19","modified_gmt":"2018-10-30T18:49:19","slug":"kalendarz","status":"publish","type":"page","link":"https:\/\/dioc.pl\/?page_id=32","title":{"rendered":"Kalendarz"},"content":{"rendered":"<div class=\"textwidget\">\n<p><img loading=\"lazy\" decoding=\"async\" class=\"aligncenter wp-image-252\" src=\"https:\/\/dioc.pl\/wp-content\/uploads\/2018\/09\/logotypy_na_www-1024x147.png\" alt=\"\" width=\"1000\" height=\"143\" srcset=\"https:\/\/dioc.pl\/wp-content\/uploads\/2018\/09\/logotypy_na_www-1024x147.png 1024w, https:\/\/dioc.pl\/wp-content\/uploads\/2018\/09\/logotypy_na_www-300x43.png 300w, https:\/\/dioc.pl\/wp-content\/uploads\/2018\/09\/logotypy_na_www-768x110.png 768w, https:\/\/dioc.pl\/wp-content\/uploads\/2018\/09\/logotypy_na_www.png 1495w\" sizes=\"auto, (max-width: 767px) 89vw, (max-width: 1000px) 54vw, (max-width: 1071px) 543px, 580px\" \/><\/p>\n<p>Kalendarz do rezerwacji us\u0142ug Drogi Integralnej Odnowy Cz\u0142owieka Via Reginae<\/p>\n<table style=\"border-style: none; border: 0px solid #f2e8d0;\">\n<tbody>\n<tr>\n<td>Polska<\/td>\n<td>S\u0142owacja<\/td>\n<\/tr>\n<tr>\n<td>22-23.09.2018<\/td>\n<td><\/td>\n<\/tr>\n<tr>\n<td>06-07.10.2018<\/td>\n<td><\/td>\n<\/tr>\n<tr>\n<td>20-21.10.2018<\/td>\n<td><\/td>\n<\/tr>\n<tr>\n<td>17-18.11.2018<\/td>\n<td>24-25.11.2018<\/td>\n<\/tr>\n<tr>\n<td>01-02.12.2018<\/td>\n<td><\/td>\n<\/tr>\n<\/tbody>\n<\/table>\n<p>Osoby zarejestrowane na indywidualne wsparcie w niedziel\u0119 zapraszamy tak\u017ce na wsp\u00f3lne przej\u015bcie Drogi Integralnej Odnowy Cz\u0142owieka Via Reginae w sobot\u0119.<br \/>\n <div id=\"form_id490318791636\" class=\"wpbc_container wpbc_form wpbc_container_booking_form \" ><form id=\"booking_form1\" class=\"booking_form vertical\" method=\"post\" action=\"\"><div id=\"ajax_respond_insert1\" class=\"ajax_respond_insert\" style=\"display:none;\"><\/div><a name=\"bklnk1\" id=\"bklnk1\"><\/a><div id=\"booking_form_div1\" class=\"booking_form_div\"><style type=\"text\/css\">.wpbc_container_booking_form .block_hints, .wpbc_booking_form_simple.wpbc_form_center .wpbc__form__div .wpbc__row.wpbc_r_calendar, .wpbc_booking_form_simple .wpbc__form__div .wpbc__row:not(.wpbc_r_calendar){max-width:440px;} <\/style>\n<div class=\"wpbc_booking_form_simple \">\n<div class=\"wpbc__form__div\">\n\t\t\t<div class=\"wpbc_r_calendar wpbc__row\">\n\t\t\t\t<div class=\"wpbc_r_calendar wpbc__field\"> <label><\/label><br><div class=\"wpbc_calendar_wraper wpbc_change_over_triangle wpbc_calendar_skin_legacy\"><div class=\"wpbc_cal_container bk_calendar_frame wpbc_no_custom_width  months_num_in_row_ cal_month_num_2 wpbc_timeslot_day_bg_as_available\" style=\"\"><div id=\"calendar_booking1\"  class=\"wpbc_calendar_id_1\" >\t<div class=\"calendar_loader_frame calendar_loader_frame1\"\r\n\t\tdata-wpbc-rid=\"1\"\r\n\t\tdata-wpbc-grace=\"8000\"\r\n\t\tstyle=\"--wpbc-loader-cols: 2;\"\r\n\t>\r\n\t\t<div class=\"calendar_loader_text\">Wczytywanie...<\/div>\r\n\t\t<div class=\"calendar_loader_frame__progress_line_container\">\r\n\t\t\t<div class=\"calendar_loader_frame__progress_line\"><\/div>\r\n\t\t<\/div>\r\n\t<\/div>\r\n\t<\/div><\/div><div style=\"font-size:7px;text-align:left;margin:0 0 10px;text-shadow: none;\">Powered by <a href=\"https:\/\/wpbookingcalendar.com\" style=\"font-size:7px;\" target=\"_blank\" title=\"Booking Calendar plugin for WordPress\">Booking Calendar<\/a><\/div><textarea id=\"date_booking1\" name=\"date_booking1\" autocomplete=\"off\" style=\"display:none;\"><\/textarea><\/div> <\/div>\n\t\t\t<\/div>\n\t\t\t<div class=\"wpbc__row\">\n\t\t\t\t<div class=\"wpbc_r_name wpbc__field\"> <label>Imi\u0119 \/ Name \/ Meno*<\/label><br><span class=\"wpbc_wrap_text wpdev-form-control-wrap name1\"><input type=\"text\" name=\"name1\" value=\"\" autocomplete=\"name\" class=\"wpdev-validates-as-required\" size=\"40\" \/><\/span> <\/div>\n\t\t\t<\/div>\n\t\t\t<div class=\"wpbc__row\">\n\t\t\t\t<div class=\"wpbc_r_secondname wpbc__field\"> <label>Nazwisko \/ Surname \/ Priezvisko*<\/label><br><span class=\"wpbc_wrap_text wpdev-form-control-wrap secondname1\"><input type=\"text\" name=\"secondname1\" value=\"\" autocomplete=\"secondname\" class=\"wpdev-validates-as-required\" size=\"40\" \/><\/span> <\/div>\n\t\t\t<\/div>\n\t\t\t<div class=\"wpbc__row\">\n\t\t\t\t<div class=\"wpbc_r_email wpbc__field\"> <label>Email*<\/label><br><span class=\"wpbc_wrap_text wpdev-form-control-wrap email1\"><input type=\"email\" name=\"email1\" value=\"\" autocomplete=\"email\" class=\"wpdev-validates-as-email wpdev-validates-as-required\" size=\"40\" \/><\/span> <\/div>\n\t\t\t<\/div>\n\t\t\t<div class=\"wpbc__row\">\n\t\t\t\t<div class=\"wpbc_r_phone wpbc__field\"> <label>Telefon \/ Telephone \/ Telef\u00f3n*<\/label><br><span class=\"wpbc_wrap_text wpdev-form-control-wrap phone1\"><input type=\"text\" name=\"phone1\" value=\"\" autocomplete=\"phone\" class=\"wpdev-validates-as-required\" size=\"40\" \/><\/span> <\/div>\n\t\t\t<\/div>\n\t\t\t<div class=\"wpbc__row\">\n\t\t\t\t<div class=\"wpbc_r_details wpbc__field\"> <label>Dodatkowe informacje \/ Additional information \/ \u010eal\u0161ie inform\u00e1cie<\/label><br><span class=\"wpbc_wrap_textarea wpdev-form-control-wrap details1\"><textarea name=\"details1\" autocomplete=\"details\"><\/textarea><\/span> <\/div>\n\t\t\t<\/div>\n\t\t\t<div class=\"wpbc__row\">\n\t\t\t\t<div class=\"wpbc_r_rangetime wpbc__field\"> <label>Godzina \/ Hours \/ Hodina*<\/label><br><span class=\"wpbc_wrap_select wpdev-form-control-wrap rangetime1\"><select onchange=\"javascript:if(typeof( wpbc_show_cost_hints_after_few_seconds )=='function'){wpbc_show_cost_hints_after_few_seconds(1);}\" name=\"rangetime1\" autocomplete=\"rangetime\" class=\"wpdev-validates-as-required\"><option value=\"08:00 - 08:30\">08:00 - 09:00<\/option><option value=\"08:30 - 09:00\">08:00 - 09:00 - 2 specjalista \/ 2 \u0161pecialista \/ 2 specialist<\/option><option value=\"09:00 - 09:30\">09:00 - 10:00<\/option><option value=\"09:30 - 10:00\">09:00 - 10:00 - 2 specjalista \/ 2 \u0161pecialista \/ 2 specialist<\/option><option value=\"10:00 - 10:30\">10:00 - 11:00<\/option><option value=\"10:30 - 11:00\">10:00 - 11:00 - 2 specjalista \/ 2 \u0161pecialista \/ 2 specialist<\/option><option value=\"11:00 - 11:30\">11:00 - 12:00<\/option><option value=\"11:30 - 12:00\">11:00 - 12:00 - 2 specjalista \/ 2 \u0161pecialista \/ 2 specialist<\/option><option value=\"12:00 - 12:30\">12:00 - 13:00<\/option><option value=\"12:30 - 13:00\">12:00 - 13:00 - 2 specjalista \/ 2 \u0161pecialista \/ 2 specialist<\/option><option value=\"13:00 - 13:30\">13:00 - 14:00<\/option><option value=\"13:30 - 14:00\">13:00 - 14:00 - 2 specjalista \/ 2 \u0161pecialista \/ 2 specialist<\/option><option value=\"14:00 - 14:30\">14:00 - 15:00<\/option><option value=\"14:30 - 15:00\">14:00 - 15:00 - 2 specjalista \/ 2 \u0161pecialista \/ 2 specialist<\/option><option value=\"15:00 - 15:30\">15:00 - 16:00<\/option><option value=\"15:30 - 16:00\">15:00 - 16:00 - 2 specjalista \/ 2 \u0161pecialista \/ 2 specialist<\/option><option value=\"16:00 - 16:30\">16:00 - 17:00<\/option><option value=\"16:30 - 17:00\">16:00 - 17:00 - 2 specjalista \/ 2 \u0161pecialista \/ 2 specialist<\/option><option value=\"17:00 - 17:30\">17:00 - 18:00<\/option><option value=\"17:30 - 18:00\">17:00 - 18:00  - 2 specjalista \/ 2 \u0161pecialista \/ 2 specialist<\/option><option value=\"18:00 - 18:30\">18:00 - 19:00<\/option><option value=\"18:30 - 19:00\">18:00 - 19:00 - 2 specjalista \/ 2 \u0161pecialista \/ 2 specialist<\/option><option value=\"19:00 - 19:30\">19:00 - 20:00<\/option><option value=\"19:30 - 20:00\">19:00 - 20:00 - 2 specjalista \/ 2 \u0161pecialista \/ 2 specialist<\/option><option value=\"20:01 - 20:05\">rezerwowe \/ rezerva \/ reserve<\/option><option value=\"20:06 - 20:10\">rezerwowe \/ rezerva \/ reserve - 2 specjalista \/ 2 \u0161pecialista \/ 2 specialist<\/option><option value=\"20:11 - 20:15\">rezerwowe \/ rezerva \/ reserve<\/option><option value=\"20:16 - 20:20\">rezerwowe \/ rezerva \/ reserve - 2 specjalista \/ 2 \u0161pecialista \/ 2 specialist<\/option><option value=\"20:21 - 20:25\">rezerwowe \/ rezerva \/ reserve<\/option><option value=\"20:25 - 20:30\">rezerwowe \/ rezerva \/ reserve - 2 specjalista \/ 2 \u0161pecialista \/ 2 specialist<\/option><option value=\"20:31 - 20:35\">rezerwowe \/ rezerva \/ reserve<\/option><option value=\"20:36 - 20:40\">rezerwowe \/ rezerva \/ reserve - 2 specjalista \/ 2 \u0161pecialista \/ 2 specialist<\/option><option value=\"20:41 - 20:45\">rezerwowe \/ rezerva \/ reserve<\/option><option value=\"20:46 - 20:50\">rezerwowe \/ rezerva \/ reserve - 2 specjalista \/ 2 \u0161pecialista \/ 2 specialist<\/option><\/select><\/span> <\/div>\n\t\t\t<\/div>\n\t\t\t<div class=\"wpbc__row\">\n\t\t\t\t<div class=\"wpbc_r_captcha wpbc__field\"> <label><\/label><br><span class=\"wpbc_text_captcha_container wpdev-form-control-wrap \"><input  autocomplete=\"off\" type=\"hidden\" name=\"wpdev_captcha_challenge_1\"  id=\"wpdev_captcha_challenge_1\" value=\"2927984680\" \/><input  autocomplete=\"off\" type=\"text\" class=\"captachinput\" value=\"\" name=\"captcha_input1\" id=\"captcha_input1\" \/><img decoding=\"async\" class=\"captcha_img\"  id=\"captcha_img1\" alt=\"To show CAPTCHA, please deactivate cache plugin or exclude this page from caching or disable CAPTCHA at WP Booking Calendar - Settings General page in Form Options section.\" src=\"https:\/\/dioc.pl\/wp-content\/plugins\/booking\/js\/captcha\/tmp\/2927984680.png\" \/><\/span> <\/div>\n\t\t\t<\/div>\n\t\t\t<div class=\"wpbc__row\">\n\t\t\t\t<div class=\"wpbc_r_submit wpbc__field\"><input type=\"button\" value=\"Send\" class=\"wpbc_button_light  btn btn\" onclick=\"wpbc_booking_form_submit(this.form,1, 'pl_PL');\" \/> <\/div>\n\t\t\t<\/div>\n<\/div>\n<\/div><input id=\"bk_type1\" name=\"bk_type1\" class=\"\" type=\"hidden\" value=\"1\" \/><\/div><div id=\"submiting1\"><\/div><div class=\"form_bk_messages\" id=\"form_bk_messages1\" ><\/div><input type=\"hidden\" id=\"wpbc_nonceCALCULATE_THE_COST1\" name=\"wpbc_nonceCALCULATE_THE_COST1\" value=\"a43a1a6a01\" \/><input type=\"hidden\" name=\"_wp_http_referer\" value=\"\/index.php?rest_route=%2Fwp%2Fv2%2Fpages%2F32\" \/><\/form><\/div><div id=\"booking_form_garbage1\" class=\"booking_form_garbage\"><\/div> <\/p>\n<p>Wyra\u017cam zgod\u0119 na przetwarzanie moich danych osobowych w zwi\u0105zku z wys\u0142aniem zapytania przez kalendarz s\u0142u\u017c\u0105cy do rezerwacji us\u0142ug. Podanie danych osobowych jest dobrowolne. Zosta\u0142em poinformowany, \u017ce przys\u0142uguje mi prawo dost\u0119pu do swoich danych, mo\u017cliwo\u015bci ich poprawiania, \u017c\u0105dania zaprzestania ich przetwarzania. Administratorem danych jest Fundacja Dr\u00f3g Kulturowych z siedzib\u0105 ul. Benedykty\u0144ska 5, 37-500 Jaros\u0142aw.<\/p>\n<\/div>\n","protected":false},"excerpt":{"rendered":"<p>Kalendarz do rezerwacji us\u0142ug Drogi Integralnej Odnowy Cz\u0142owieka Via Reginae Polska S\u0142owacja 22-23.09.2018 06-07.10.2018 20-21.10.2018 17-18.11.2018 24-25.11.2018 01-02.12.2018 Osoby zarejestrowane na indywidualne wsparcie w niedziel\u0119 zapraszamy tak\u017ce na wsp\u00f3lne przej\u015bcie Drogi Integralnej Odnowy Cz\u0142owieka Via Reginae w sobot\u0119. Wyra\u017cam zgod\u0119 na przetwarzanie moich danych osobowych w zwi\u0105zku z wys\u0142aniem zapytania przez kalendarz s\u0142u\u017c\u0105cy do rezerwacji &hellip; <\/p>\n<p class=\"link-more\"><a href=\"https:\/\/dioc.pl\/?page_id=32\" class=\"more-link\">Czytaj dalej<span class=\"screen-reader-text\"> Kalendarz<\/span><\/a><\/p>\n","protected":false},"author":1,"featured_media":0,"parent":12,"menu_order":1,"comment_status":"closed","ping_status":"closed","template":"","meta":{"_monsterinsights_skip_tracking":false,"_monsterinsights_sitenote_active":false,"_monsterinsights_sitenote_note":"","_monsterinsights_sitenote_category":0,"footnotes":""},"class_list":["post-32","page","type-page","status-publish","hentry"],"aioseo_notices":[],"_links":{"self":[{"href":"https:\/\/dioc.pl\/index.php?rest_route=\/wp\/v2\/pages\/32","targetHints":{"allow":["GET"]}}],"collection":[{"href":"https:\/\/dioc.pl\/index.php?rest_route=\/wp\/v2\/pages"}],"about":[{"href":"https:\/\/dioc.pl\/index.php?rest_route=\/wp\/v2\/types\/page"}],"author":[{"embeddable":true,"href":"https:\/\/dioc.pl\/index.php?rest_route=\/wp\/v2\/users\/1"}],"replies":[{"embeddable":true,"href":"https:\/\/dioc.pl\/index.php?rest_route=%2Fwp%2Fv2%2Fcomments&post=32"}],"version-history":[{"count":19,"href":"https:\/\/dioc.pl\/index.php?rest_route=\/wp\/v2\/pages\/32\/revisions"}],"predecessor-version":[{"id":612,"href":"https:\/\/dioc.pl\/index.php?rest_route=\/wp\/v2\/pages\/32\/revisions\/612"}],"up":[{"embeddable":true,"href":"https:\/\/dioc.pl\/index.php?rest_route=\/wp\/v2\/pages\/12"}],"wp:attachment":[{"href":"https:\/\/dioc.pl\/index.php?rest_route=%2Fwp%2Fv2%2Fmedia&parent=32"}],"curies":[{"name":"wp","href":"https:\/\/api.w.org\/{rel}","templated":true}]}}